{"id":738,"date":"2023-11-10T06:37:49","date_gmt":"2023-11-10T05:37:49","guid":{"rendered":"https:\/\/plastieco.com.mx\/?page_id=738"},"modified":"2024-12-11T17:30:29","modified_gmt":"2024-12-11T23:30:29","slug":"r-s-u","status":"publish","type":"page","link":"https:\/\/plastieco.com.mx\/index.php\/r-s-u\/","title":{"rendered":"RSU"},"content":{"rendered":"\n<div class=\"wp-block-stackable-hero alignfull stk-block-hero stk-has-bottom-separator stk-block stk-08a909b stk-block-background stk--has-background-overlay\" data-v=\"2\" data-block-id=\"08a909b\"><style>.stk-08a909b-inner-blocks{align-items:center !important;justify-content:flex-start !important;row-gap:0px !important;}.stk-08a909b {background-color:#000000 !important;background-image:url(https:\/\/storage.googleapis.com\/stackable-plugin-assets\/library-v3\/section-capital-hero-1\/c1a5c63b0687.jpg) !important;min-height:900px !important;align-items:center !important;margin-bottom:0px !important;display:flex !important;}.stk-08a909b:before{background-color:#000000 !important;opacity:0.6 !important;}.stk-08a909b .stk-block-hero__content{min-height:500px !important;align-items:center !important;display:flex !important;}<\/style><div class=\"stk-block-hero__content stk-content-align stk-08a909b-column alignfull stk-container stk-08a909b-container stk--no-background stk--no-padding\"><div class=\"stk-block-content stk-inner-blocks has-text-align-center stk--column-flex stk-08a909b-inner-blocks\">\n<div class=\"wp-block-stackable-heading stk-block-heading stk-block-heading--v2 stk-block stk-c15fb3c\" id=\"residuos-solidos-urbanos-rsu\" data-block-id=\"c15fb3c\"><style>.stk-c15fb3c .stk-block-heading__text{font-size:64px !important;color:#FFFFFF !important;font-weight:300 !important;font-family:\"IBM Plex Sans\", Sans-serif !important;}@media screen and (max-width:999px){.stk-c15fb3c .stk-block-heading__text{font-size:50px !important;}}<\/style><h1 class=\"stk-block-heading__text has-text-color has-white-color\">RESIDUOS S\u00d3LIDOS URBANOS (RSU)<\/h1><\/div>\n\n\n\n<div class=\"wp-block-stackable-text stk-block-text stk-block stk-cb47353\" data-block-id=\"cb47353\"><style>.stk-cb47353 .stk-block-text__text{color:#FFFFFF !important;}<\/style><p class=\"stk-block-text__text has-text-color has-white-color\">Son desechos generados por las actividades humanas en \u00e1reas urbanas y suburbanas. Incluyen todos los materiales descartados que ya no tienen utilidad inmediata y que provienen de hogares, comercios, instituciones y algunos sectores industriales, excluyendo residuos peligrosos o sanitarios.<\/p><\/div>\n<\/div><\/div><div class=\"stk-separator stk-separator__bottom\"><div class=\"stk-separator__wrapper\"><svg xmlns=\"http:\/\/www.w3.org\/2000\/svg\" viewBox=\"0 0 1600 200\" class=\"stk-separator__layer-1\" preserveAspectRatio=\"none\" aria-hidden=\"true\"><path class=\"slant-2_svg__st1\" d=\"M1610 39.2V209H-10V39.2l810 118.9 810-118.9z\"><\/path><\/svg><\/div><\/div><\/div>\n\n\n\n<div class=\"wp-block-columns alignfull is-layout-flex wp-container-core-columns-is-layout-7c9548a8 wp-block-columns-is-layout-flex\" style=\"padding-top:0;padding-right:0;padding-bottom:0;padding-left:0\">\n<div class=\"wp-block-column is-layout-flow wp-block-column-is-layout-flow\">\n<div class=\"wp-block-cover is-light\"><span aria-hidden=\"true\" class=\"wp-block-cover__background has-background-dim-0 has-background-dim\" style=\"background-color:#63696c\"><\/span><img data-recalc-dims=\"1\" fetchpriority=\"high\" decoding=\"async\" width=\"960\" height=\"720\" class=\"wp-block-cover__image-background wp-image-1629\" alt=\"\" src=\"https:\/\/i0.wp.com\/plastieco.com.mx\/wp-content\/uploads\/2024\/12\/residuos.jpeg?resize=960%2C720&#038;ssl=1\" data-object-fit=\"cover\" srcset=\"https:\/\/i0.wp.com\/plastieco.com.mx\/wp-content\/uploads\/2024\/12\/residuos.jpeg?w=960&amp;ssl=1 960w, https:\/\/i0.wp.com\/plastieco.com.mx\/wp-content\/uploads\/2024\/12\/residuos.jpeg?resize=300%2C225&amp;ssl=1 300w, https:\/\/i0.wp.com\/plastieco.com.mx\/wp-content\/uploads\/2024\/12\/residuos.jpeg?resize=768%2C576&amp;ssl=1 768w, https:\/\/i0.wp.com\/plastieco.com.mx\/wp-content\/uploads\/2024\/12\/residuos.jpeg?resize=600%2C450&amp;ssl=1 600w\" sizes=\"(max-width: 960px) 100vw, 960px\" \/><div class=\"wp-block-cover__inner-container is-layout-flow wp-block-cover-is-layout-flow\">\n<p class=\"has-text-align-center has-large-font-size\"><\/p>\n<\/div><\/div>\n<\/div>\n\n\n\n<div class=\"wp-block-column is-vertically-aligned-center is-layout-constrained wp-container-core-column-is-layout-254f1302 wp-block-column-is-layout-constrained\" style=\"padding-top:0;padding-right:0;padding-bottom:0;padding-left:0\">\n<div class=\"wp-block-group alignfull is-layout-flow wp-block-group-is-layout-flow\" style=\"margin-top:var(--wp--preset--spacing--40);margin-bottom:var(--wp--preset--spacing--40);padding-top:0px;padding-right:60px;padding-bottom:0px;padding-left:60px\">\n<h2 class=\"wp-block-heading has-text-align-left has-large-font-size\" id=\"h-los-residuos-solidos-urbanos-rsu\">Los residuos s\u00f3lidos urbanos (RSU)<\/h2>\n\n\n\n<p style=\"margin-bottom:var(--wp--preset--spacing--40)\">Estos residuos incluyen una variedad de materiales tales como papel, cart\u00f3n, vidrio, pl\u00e1sticos, metales, restos de comida y otros desperdicios org\u00e1nicos e inorg\u00e1nicos. <\/p>\n\n\n\n<div class=\"wp-block-buttons is-layout-flex wp-block-buttons-is-layout-flex\" style=\"margin-top:64px\">\n<div class=\"wp-block-button has-custom-font-size\"><a class=\"wp-block-button__link has-text-align-left wp-element-button\" href=\"https:\/\/plastieco.com.mx\/index.php\/tienda\/\">Comprar de MAQUINARIA<\/a><\/div>\n<\/div>\n<\/div>\n<\/div>\n<\/div>\n\n\n\n<div class=\"wp-block-columns alignfull is-layout-flex wp-container-core-columns-is-layout-7c9548a8 wp-block-columns-is-layout-flex\" style=\"padding-top:0;padding-right:0;padding-bottom:0;padding-left:0\">\n<div class=\"wp-block-column is-vertically-aligned-center is-layout-flow wp-block-column-is-layout-flow\" style=\"padding-top:0;padding-right:0;padding-bottom:0;padding-left:0\">\n<div class=\"wp-block-group is-layout-constrained wp-container-core-group-is-layout-bd9266ff wp-block-group-is-layout-constrained\" style=\"padding-top:50px;padding-right:50px;padding-bottom:50px;padding-left:50px\">\n<div class=\"wp-block-group is-layout-flow wp-block-group-is-layout-flow\">\n<h5 class=\"wp-block-heading\" id=\"h-como-gestionar-los-rsu\" style=\"text-transform:capitalize\">Como gestionar los (RSU)<\/h5>\n\n\n\n<p style=\"margin-top:25px;margin-right:0;margin-bottom:0;margin-left:0;padding-top:0;padding-right:0;padding-bottom:0;padding-left:0\">La correcta gesti\u00f3n de los RSU es fundamental para la salud p\u00fablica y la protecci\u00f3n del medio ambiente, ya que contribuye a la reducci\u00f3n de la contaminaci\u00f3n y al aprovechamiento de recursos mediante el reciclaje y la valorizaci\u00f3n energ\u00e9tica. <\/p>\n<\/div>\n\n\n\n<div class=\"wp-block-group is-layout-flow wp-block-group-is-layout-flow\">\n<h5 class=\"wp-block-heading\" id=\"h-separacion-de-los-residuos\" style=\"text-transform:capitalize\">Separaci\u00f3n de los residuos<\/h5>\n\n\n\n<p style=\"margin-top:25px\">La separaci\u00f3n en origen, el reciclaje, y el tratamiento adecuado son claves para minimizar el impacto ambiental de los residuos s\u00f3lidos urbanos.<\/p>\n<\/div>\n<\/div>\n<\/div>\n\n\n\n<div class=\"wp-block-column is-vertically-aligned-center is-layout-flow wp-block-column-is-layout-flow\">\n<div class=\"wp-block-cover is-light\"><span aria-hidden=\"true\" class=\"wp-block-cover__background has-background-dim-0 has-background-dim\" style=\"background-color:#ccc2b8\"><\/span><img data-recalc-dims=\"1\" decoding=\"async\" width=\"1290\" height=\"861\" class=\"wp-block-cover__image-background wp-image-1630\" alt=\"\" src=\"https:\/\/i0.wp.com\/plastieco.com.mx\/wp-content\/uploads\/2024\/12\/cdn-3.expansion.webp?resize=1290%2C861&#038;ssl=1\" data-object-fit=\"cover\" srcset=\"https:\/\/i0.wp.com\/plastieco.com.mx\/wp-content\/uploads\/2024\/12\/cdn-3.expansion.webp?w=1800&amp;ssl=1 1800w, https:\/\/i0.wp.com\/plastieco.com.mx\/wp-content\/uploads\/2024\/12\/cdn-3.expansion.webp?resize=300%2C200&amp;ssl=1 300w, https:\/\/i0.wp.com\/plastieco.com.mx\/wp-content\/uploads\/2024\/12\/cdn-3.expansion.webp?resize=1024%2C683&amp;ssl=1 1024w, https:\/\/i0.wp.com\/plastieco.com.mx\/wp-content\/uploads\/2024\/12\/cdn-3.expansion.webp?resize=768%2C512&amp;ssl=1 768w, https:\/\/i0.wp.com\/plastieco.com.mx\/wp-content\/uploads\/2024\/12\/cdn-3.expansion.webp?resize=1536%2C1025&amp;ssl=1 1536w, https:\/\/i0.wp.com\/plastieco.com.mx\/wp-content\/uploads\/2024\/12\/cdn-3.expansion.webp?resize=1320%2C881&amp;ssl=1 1320w, https:\/\/i0.wp.com\/plastieco.com.mx\/wp-content\/uploads\/2024\/12\/cdn-3.expansion.webp?resize=600%2C400&amp;ssl=1 600w\" sizes=\"(max-width: 1290px) 100vw, 1290px\" \/><div class=\"wp-block-cover__inner-container is-layout-flow wp-block-cover-is-layout-flow\">\n<p class=\"has-text-align-center has-large-font-size\"><\/p>\n<\/div><\/div>\n<\/div>\n<\/div>\n\n\n\n<div class=\"wp-block-stackable-call-to-action alignfull stk-block-call-to-action stk-block stk-1ef1726 is-style-default\" data-v=\"2\" data-block-id=\"1ef1726\"><style>.stk-1ef1726 {min-height:400px !important;align-items:center !important;margin-bottom:0px !important;display:flex !important;}<\/style><div class=\"stk-block-call-to-action__content stk-content-align stk-1ef1726-column alignfull stk-container stk-1ef1726-container stk-hover-parent\"><div class=\"has-text-align-center stk-block-content stk-inner-blocks stk-1ef1726-inner-blocks\">\n<div class=\"wp-block-stackable-card stk-block-card stk-block stk-c59cbbd is-style-default-2\" data-v=\"2\" data-block-id=\"c59cbbd\"><style>.stk-c59cbbd {margin-bottom:0px !important;}.stk-c59cbbd .stk-block-card__image{height:650px !important;}.stk-c59cbbd .stk-block-card__image img{object-position:50% 50% !important;}<\/style><div class=\"stk--no-padding stk-container stk-c59cbbd-container stk-hover-parent\"><figure class=\"stk-block-card__image stk-img-wrapper stk-image--shape-stretch\"><img data-recalc-dims=\"1\" decoding=\"async\" class=\"stk-img wp-image-1014\" src=\"https:\/\/i0.wp.com\/plastieco.com.mx\/wp-content\/uploads\/2023\/12\/WhatsApp-Image-2023-12-14-at-5.49.57-PM.jpeg?resize=987%2C600\" width=\"987\" height=\"600\" srcset=\"https:\/\/i0.wp.com\/plastieco.com.mx\/wp-content\/uploads\/2023\/12\/WhatsApp-Image-2023-12-14-at-5.49.57-PM.jpeg?w=987&amp;ssl=1 987w, https:\/\/i0.wp.com\/plastieco.com.mx\/wp-content\/uploads\/2023\/12\/WhatsApp-Image-2023-12-14-at-5.49.57-PM.jpeg?resize=300%2C182&amp;ssl=1 300w, https:\/\/i0.wp.com\/plastieco.com.mx\/wp-content\/uploads\/2023\/12\/WhatsApp-Image-2023-12-14-at-5.49.57-PM.jpeg?resize=768%2C467&amp;ssl=1 768w, https:\/\/i0.wp.com\/plastieco.com.mx\/wp-content\/uploads\/2023\/12\/WhatsApp-Image-2023-12-14-at-5.49.57-PM.jpeg?resize=600%2C365&amp;ssl=1 600w\" sizes=\"(max-width: 987px) 100vw, 987px\" \/><\/figure><div class=\"stk-container-padding stk-block-card__content\"><div class=\"stk-block-content stk-inner-blocks stk-c59cbbd-inner-blocks\">\n<div class=\"wp-block-group is-layout-constrained wp-container-core-group-is-layout-ffc174bf wp-block-group-is-layout-constrained\">\n<div class=\"wp-block-buttons is-content-justification-center is-layout-flex wp-container-core-buttons-is-layout-a89b3969 wp-block-buttons-is-layout-flex\">\n<div class=\"wp-block-button\"><a class=\"wp-block-button__link has-text-align-center wp-element-button\" href=\"https:\/\/plastieco.com.mx\/index.php\/tienda\/\">Comprar ahora<\/a><\/div>\n<\/div>\n<\/div>\n<\/div><\/div><\/div><\/div>\n\n\n\n<div class=\"wp-block-stackable-text stk-block-text stk-block stk-f422d58\" data-block-id=\"f422d58\"><style>.stk-f422d58 {margin-bottom:26px !important;}.stk-f422d58 .stk-block-text__text{text-shadow:0px 0px 100px #47494fff !important;font-size:20px !important;color:var(--theme-palette-color-4, #0a0a0a) !important;}@media screen and (max-width:999px){.stk-f422d58 .stk-block-text__text{font-size:20px !important;}}<\/style><p class=\"stk-block-text__text has-text-color has-white-color has-text-align-justify\">Los (RSU) son generados en las casas habitaci\u00f3n, que resultan de la eliminaci\u00f3n de los materiales que utilizan en sus actividades dom\u00e9sticas, de los productos que consumen y de sus envases, embalajes o empaques; los residuos que provienen de cualquier otra actividad dentro de establecimientos o en la v\u00eda p\u00fablica que genere residuos con caracter\u00edsticas domiciliarias, y los resultantes de la limpieza de las v\u00edas y lugares p\u00fablicos, siempre que no sean considerados por esta Ley como residuos de otra \u00edndole.<\/p><\/div>\n<\/div><\/div><\/div>\n\n\n\n<div class=\"wp-block-group alignfull is-content-justification-center is-layout-constrained wp-container-core-group-is-layout-c7f866ca wp-block-group-is-layout-constrained\" style=\"margin-top:0;margin-bottom:0;padding-top:calc( 0.5 * var(--wp--style--root--padding-right, var(--wp--custom--gap--horizontal)));padding-right:var(--wp--style--root--padding-right, var(--wp--custom--gap--horizontal));padding-bottom:calc( 0.5 * var(--wp--style--root--padding-right, var(--wp--custom--gap--horizontal)));padding-left:var(--wp--style--root--padding-left, var(--wp--custom--gap--horizontal))\">\n<div style=\"height:calc( 0.25 * var(--wp--style--root--padding-right, var(--wp--custom--gap--horizontal)))\" aria-hidden=\"true\" class=\"wp-block-spacer\"><\/div>\n\n\n\n<div style=\"height:calc( 0.25 * var(--wp--style--root--padding-right, var(--wp--custom--gap--horizontal)))\" aria-hidden=\"true\" class=\"wp-block-spacer\"><\/div>\n<\/div>\n\n\n\n<div class=\"wp-block-group alignfull is-content-justification-center is-layout-constrained wp-container-core-group-is-layout-df757ecc wp-block-group-is-layout-constrained\" style=\"margin-top:0;margin-bottom:0;padding-top:calc( 0.5 * var(--wp--style--root--padding-right, var(--wp--custom--gap--horizontal)));padding-right:var(--wp--style--root--padding-right, var(--wp--custom--gap--horizontal));padding-bottom:calc( 0.5 * var(--wp--style--root--padding-right, var(--wp--custom--gap--horizontal)));padding-left:var(--wp--style--root--padding-left, var(--wp--custom--gap--horizontal))\">\n<div style=\"height:calc( 0.25 * var(--wp--style--root--padding-right, var(--wp--custom--gap--horizontal)))\" aria-hidden=\"true\" class=\"wp-block-spacer\"><\/div>\n\n\n\n<div style=\"height:var(--wp--preset--spacing--30)\" aria-hidden=\"true\" class=\"wp-block-spacer\"><\/div>\n\n\n\n<figure class=\"wp-block-image alignwide size-full\"><img data-recalc-dims=\"1\" loading=\"lazy\" decoding=\"async\" width=\"800\" height=\"400\" src=\"https:\/\/i0.wp.com\/plastieco.com.mx\/wp-content\/uploads\/2024\/12\/la_gestion_de_residuos_urbanos-1.webp?resize=800%2C400&#038;ssl=1\" alt=\"\" class=\"wp-image-1632\" srcset=\"https:\/\/i0.wp.com\/plastieco.com.mx\/wp-content\/uploads\/2024\/12\/la_gestion_de_residuos_urbanos-1.webp?w=800&amp;ssl=1 800w, https:\/\/i0.wp.com\/plastieco.com.mx\/wp-content\/uploads\/2024\/12\/la_gestion_de_residuos_urbanos-1.webp?resize=300%2C150&amp;ssl=1 300w, https:\/\/i0.wp.com\/plastieco.com.mx\/wp-content\/uploads\/2024\/12\/la_gestion_de_residuos_urbanos-1.webp?resize=768%2C384&amp;ssl=1 768w, https:\/\/i0.wp.com\/plastieco.com.mx\/wp-content\/uploads\/2024\/12\/la_gestion_de_residuos_urbanos-1.webp?resize=600%2C300&amp;ssl=1 600w\" sizes=\"(max-width: 800px) 100vw, 800px\" \/><\/figure>\n\n\n\n<div style=\"height:calc( 0.25 * var(--wp--style--root--padding-right, var(--wp--custom--gap--horizontal)))\" aria-hidden=\"true\" class=\"wp-block-spacer\"><\/div>\n<\/div>\n","protected":false},"excerpt":{"rendered":"<p>RESIDUOS S\u00d3LIDOS URBANOS (RSU) Son desechos generados por las actividades humanas en \u00e1reas urbanas y suburbanas. Incluyen todos los materiales descartados que ya no tienen utilidad inmediata y que provienen de hogares, comercios, instituciones y algunos sectores industriales, excluyendo residuos peligrosos o sanitarios. Los residuos s\u00f3lidos urbanos (RSU) Estos residuos incluyen una variedad de materiales [&hellip;]<\/p>\n","protected":false},"author":1,"featured_media":0,"parent":0,"menu_order":0,"comment_status":"closed","ping_status":"closed","template":"","meta":{"_uf_show_specific_survey":0,"_uf_disable_surveys":false,"jetpack_post_was_ever_published":false,"footnotes":""},"class_list":["post-738","page","type-page","status-publish","hentry"],"blocksy_meta":{"has_hero_section":"disabled","styles_descriptor":{"styles":{"desktop":"","tablet":"","mobile":""},"google_fonts":[],"version":6}},"yoast_head":"<!-- This site is optimized with the Yoast SEO Premium plugin v23.9 (Yoast SEO v27.5) - https:\/\/yoast.com\/product\/yoast-seo-premium-wordpress\/ -->\n<title>RSU - plastieco.com.mx<\/title>\n<meta name=\"description\" content=\"Los Residuos S\u00f3lidos Urbanos (RSU) son los desechos generados por las actividades humanas en \u00e1reas urbanas y suburbanas.\" \/>\n<meta name=\"robots\" content=\"index, follow, max-snippet:-1, max-image-preview:large, max-video-preview:-1\" \/>\n<link rel=\"canonical\" href=\"https:\/\/plastieco.com.mx\/index.php\/r-s-u\/\" \/>\n<meta property=\"og:locale\" content=\"es_ES\" \/>\n<meta property=\"og:type\" content=\"article\" \/>\n<meta property=\"og:title\" content=\"RSU\" \/>\n<meta property=\"og:description\" content=\"Los Residuos S\u00f3lidos Urbanos (RSU) son los desechos generados por las actividades humanas en \u00e1reas urbanas y suburbanas.\" \/>\n<meta property=\"og:url\" content=\"https:\/\/plastieco.com.mx\/index.php\/r-s-u\/\" \/>\n<meta property=\"og:site_name\" content=\"plastieco.com.mx\" \/>\n<meta property=\"article:modified_time\" content=\"2024-12-11T23:30:29+00:00\" \/>\n<meta property=\"og:image\" content=\"https:\/\/plastieco.com.mx\/wp-content\/uploads\/2024\/12\/residuos.jpeg\" \/>\n<meta name=\"twitter:card\" content=\"summary_large_image\" \/>\n<meta name=\"twitter:label1\" content=\"Tiempo de lectura\" \/>\n\t<meta name=\"twitter:data1\" content=\"2 minutos\" \/>\n<script type=\"application\/ld+json\" class=\"yoast-schema-graph\">{\"@context\":\"https:\\\/\\\/schema.org\",\"@graph\":[{\"@type\":\"WebPage\",\"@id\":\"https:\\\/\\\/plastieco.com.mx\\\/index.php\\\/r-s-u\\\/\",\"url\":\"https:\\\/\\\/plastieco.com.mx\\\/index.php\\\/r-s-u\\\/\",\"name\":\"RSU - plastieco.com.mx\",\"isPartOf\":{\"@id\":\"https:\\\/\\\/plastieco.com.mx\\\/#website\"},\"primaryImageOfPage\":{\"@id\":\"https:\\\/\\\/plastieco.com.mx\\\/index.php\\\/r-s-u\\\/#primaryimage\"},\"image\":{\"@id\":\"https:\\\/\\\/plastieco.com.mx\\\/index.php\\\/r-s-u\\\/#primaryimage\"},\"thumbnailUrl\":\"https:\\\/\\\/plastieco.com.mx\\\/wp-content\\\/uploads\\\/2024\\\/12\\\/residuos.jpeg\",\"datePublished\":\"2023-11-10T05:37:49+00:00\",\"dateModified\":\"2024-12-11T23:30:29+00:00\",\"description\":\"Los Residuos S\u00f3lidos Urbanos (RSU) son los desechos generados por las actividades humanas en \u00e1reas urbanas y suburbanas.\",\"breadcrumb\":{\"@id\":\"https:\\\/\\\/plastieco.com.mx\\\/index.php\\\/r-s-u\\\/#breadcrumb\"},\"inLanguage\":\"es\",\"potentialAction\":[{\"@type\":\"ReadAction\",\"target\":[\"https:\\\/\\\/plastieco.com.mx\\\/index.php\\\/r-s-u\\\/\"]}]},{\"@type\":\"ImageObject\",\"inLanguage\":\"es\",\"@id\":\"https:\\\/\\\/plastieco.com.mx\\\/index.php\\\/r-s-u\\\/#primaryimage\",\"url\":\"https:\\\/\\\/plastieco.com.mx\\\/wp-content\\\/uploads\\\/2024\\\/12\\\/residuos.jpeg\",\"contentUrl\":\"https:\\\/\\\/plastieco.com.mx\\\/wp-content\\\/uploads\\\/2024\\\/12\\\/residuos.jpeg\"},{\"@type\":\"BreadcrumbList\",\"@id\":\"https:\\\/\\\/plastieco.com.mx\\\/index.php\\\/r-s-u\\\/#breadcrumb\",\"itemListElement\":[{\"@type\":\"ListItem\",\"position\":1,\"name\":\"Home\",\"item\":\"https:\\\/\\\/plastieco.com.mx\\\/\"},{\"@type\":\"ListItem\",\"position\":2,\"name\":\"RSU\"}]},{\"@type\":\"WebSite\",\"@id\":\"https:\\\/\\\/plastieco.com.mx\\\/#website\",\"url\":\"https:\\\/\\\/plastieco.com.mx\\\/\",\"name\":\"plastieco.com.mx\",\"description\":\"Plastieco\",\"publisher\":{\"@id\":\"https:\\\/\\\/plastieco.com.mx\\\/#organization\"},\"potentialAction\":[{\"@type\":\"SearchAction\",\"target\":{\"@type\":\"EntryPoint\",\"urlTemplate\":\"https:\\\/\\\/plastieco.com.mx\\\/?s={search_term_string}\"},\"query-input\":{\"@type\":\"PropertyValueSpecification\",\"valueRequired\":true,\"valueName\":\"search_term_string\"}}],\"inLanguage\":\"es\"},{\"@type\":\"Organization\",\"@id\":\"https:\\\/\\\/plastieco.com.mx\\\/#organization\",\"name\":\"plastieco.com.mx\",\"url\":\"https:\\\/\\\/plastieco.com.mx\\\/\",\"logo\":{\"@type\":\"ImageObject\",\"inLanguage\":\"es\",\"@id\":\"https:\\\/\\\/plastieco.com.mx\\\/#\\\/schema\\\/logo\\\/image\\\/\",\"url\":\"https:\\\/\\\/i0.wp.com\\\/plastieco.com.mx\\\/wp-content\\\/uploads\\\/2024\\\/03\\\/unnamed-1.png?fit=248%2C186&ssl=1\",\"contentUrl\":\"https:\\\/\\\/i0.wp.com\\\/plastieco.com.mx\\\/wp-content\\\/uploads\\\/2024\\\/03\\\/unnamed-1.png?fit=248%2C186&ssl=1\",\"width\":248,\"height\":186,\"caption\":\"plastieco.com.mx\"},\"image\":{\"@id\":\"https:\\\/\\\/plastieco.com.mx\\\/#\\\/schema\\\/logo\\\/image\\\/\"}}]}<\/script>\n<!-- \/ Yoast SEO Premium plugin. -->","yoast_head_json":{"title":"RSU - plastieco.com.mx","description":"Los Residuos S\u00f3lidos Urbanos (RSU) son los desechos generados por las actividades humanas en \u00e1reas urbanas y suburbanas.","robots":{"index":"index","follow":"follow","max-snippet":"max-snippet:-1","max-image-preview":"max-image-preview:large","max-video-preview":"max-video-preview:-1"},"canonical":"https:\/\/plastieco.com.mx\/index.php\/r-s-u\/","og_locale":"es_ES","og_type":"article","og_title":"RSU","og_description":"Los Residuos S\u00f3lidos Urbanos (RSU) son los desechos generados por las actividades humanas en \u00e1reas urbanas y suburbanas.","og_url":"https:\/\/plastieco.com.mx\/index.php\/r-s-u\/","og_site_name":"plastieco.com.mx","article_modified_time":"2024-12-11T23:30:29+00:00","og_image":[{"url":"https:\/\/plastieco.com.mx\/wp-content\/uploads\/2024\/12\/residuos.jpeg","type":"","width":"","height":""}],"twitter_card":"summary_large_image","twitter_misc":{"Tiempo de lectura":"2 minutos"},"schema":{"@context":"https:\/\/schema.org","@graph":[{"@type":"WebPage","@id":"https:\/\/plastieco.com.mx\/index.php\/r-s-u\/","url":"https:\/\/plastieco.com.mx\/index.php\/r-s-u\/","name":"RSU - plastieco.com.mx","isPartOf":{"@id":"https:\/\/plastieco.com.mx\/#website"},"primaryImageOfPage":{"@id":"https:\/\/plastieco.com.mx\/index.php\/r-s-u\/#primaryimage"},"image":{"@id":"https:\/\/plastieco.com.mx\/index.php\/r-s-u\/#primaryimage"},"thumbnailUrl":"https:\/\/plastieco.com.mx\/wp-content\/uploads\/2024\/12\/residuos.jpeg","datePublished":"2023-11-10T05:37:49+00:00","dateModified":"2024-12-11T23:30:29+00:00","description":"Los Residuos S\u00f3lidos Urbanos (RSU) son los desechos generados por las actividades humanas en \u00e1reas urbanas y suburbanas.","breadcrumb":{"@id":"https:\/\/plastieco.com.mx\/index.php\/r-s-u\/#breadcrumb"},"inLanguage":"es","potentialAction":[{"@type":"ReadAction","target":["https:\/\/plastieco.com.mx\/index.php\/r-s-u\/"]}]},{"@type":"ImageObject","inLanguage":"es","@id":"https:\/\/plastieco.com.mx\/index.php\/r-s-u\/#primaryimage","url":"https:\/\/plastieco.com.mx\/wp-content\/uploads\/2024\/12\/residuos.jpeg","contentUrl":"https:\/\/plastieco.com.mx\/wp-content\/uploads\/2024\/12\/residuos.jpeg"},{"@type":"BreadcrumbList","@id":"https:\/\/plastieco.com.mx\/index.php\/r-s-u\/#breadcrumb","itemListElement":[{"@type":"ListItem","position":1,"name":"Home","item":"https:\/\/plastieco.com.mx\/"},{"@type":"ListItem","position":2,"name":"RSU"}]},{"@type":"WebSite","@id":"https:\/\/plastieco.com.mx\/#website","url":"https:\/\/plastieco.com.mx\/","name":"plastieco.com.mx","description":"Plastieco","publisher":{"@id":"https:\/\/plastieco.com.mx\/#organization"},"potentialAction":[{"@type":"SearchAction","target":{"@type":"EntryPoint","urlTemplate":"https:\/\/plastieco.com.mx\/?s={search_term_string}"},"query-input":{"@type":"PropertyValueSpecification","valueRequired":true,"valueName":"search_term_string"}}],"inLanguage":"es"},{"@type":"Organization","@id":"https:\/\/plastieco.com.mx\/#organization","name":"plastieco.com.mx","url":"https:\/\/plastieco.com.mx\/","logo":{"@type":"ImageObject","inLanguage":"es","@id":"https:\/\/plastieco.com.mx\/#\/schema\/logo\/image\/","url":"https:\/\/i0.wp.com\/plastieco.com.mx\/wp-content\/uploads\/2024\/03\/unnamed-1.png?fit=248%2C186&ssl=1","contentUrl":"https:\/\/i0.wp.com\/plastieco.com.mx\/wp-content\/uploads\/2024\/03\/unnamed-1.png?fit=248%2C186&ssl=1","width":248,"height":186,"caption":"plastieco.com.mx"},"image":{"@id":"https:\/\/plastieco.com.mx\/#\/schema\/logo\/image\/"}}]}},"jetpack-related-posts":[],"jetpack_sharing_enabled":true,"_links":{"self":[{"href":"https:\/\/plastieco.com.mx\/index.php\/wp-json\/wp\/v2\/pages\/738","targetHints":{"allow":["GET"]}}],"collection":[{"href":"https:\/\/plastieco.com.mx\/index.php\/wp-json\/wp\/v2\/pages"}],"about":[{"href":"https:\/\/plastieco.com.mx\/index.php\/wp-json\/wp\/v2\/types\/page"}],"author":[{"embeddable":true,"href":"https:\/\/plastieco.com.mx\/index.php\/wp-json\/wp\/v2\/users\/1"}],"replies":[{"embeddable":true,"href":"https:\/\/plastieco.com.mx\/index.php\/wp-json\/wp\/v2\/comments?post=738"}],"version-history":[{"count":32,"href":"https:\/\/plastieco.com.mx\/index.php\/wp-json\/wp\/v2\/pages\/738\/revisions"}],"predecessor-version":[{"id":1645,"href":"https:\/\/plastieco.com.mx\/index.php\/wp-json\/wp\/v2\/pages\/738\/revisions\/1645"}],"wp:attachment":[{"href":"https:\/\/plastieco.com.mx\/index.php\/wp-json\/wp\/v2\/media?parent=738"}],"curies":[{"name":"wp","href":"https:\/\/api.w.org\/{rel}","templated":true}]}}